{"id":5848,"date":"2025-07-04T12:44:36","date_gmt":"2025-07-04T10:44:36","guid":{"rendered":"https:\/\/vents.hu\/?page_id=5848"},"modified":"2025-07-04T13:01:23","modified_gmt":"2025-07-04T11:01:23","slug":"test","status":"publish","type":"page","link":"https:\/\/vents.hu\/de\/test\/","title":{"rendered":"test"},"content":{"rendered":"\t\t<div data-elementor-type=\"wp-page\" data-elementor-id=\"5848\" class=\"elementor elementor-5848\" data-elementor-post-type=\"page\">\n\t\t\t\t<div class=\"elementor-element elementor-element-052eea0 e-flex e-con-boxed e-con e-parent\" data-id=\"052eea0\" data-element_type=\"container\" data-e-type=\"container\" data-settings=\"{&quot;background_background&quot;:&quot;classic&quot;,&quot;jet_parallax_layout_list&quot;:[]}\">\n\t\t\t\t\t<div class=\"e-con-inner\">\n\t\t\t\t<div class=\"elementor-element elementor-element-5d8ed41 e-n-menu-none elementor-widget-mobile__width-initial e-full_width e-n-menu-layout-horizontal elementor-widget elementor-widget-n-menu\" data-id=\"5d8ed41\" data-element_type=\"widget\" data-e-type=\"widget\" data-settings=\"{&quot;menu_items&quot;:[{&quot;item_title&quot;:&quot;\\u00c1ruh\\u00e1z&quot;,&quot;_id&quot;:&quot;ed5467b&quot;,&quot;item_link&quot;:{&quot;url&quot;:&quot;&quot;,&quot;is_external&quot;:&quot;&quot;,&quot;nofollow&quot;:&quot;&quot;,&quot;custom_attributes&quot;:&quot;&quot;},&quot;item_dropdown_content&quot;:&quot;no&quot;,&quot;item_icon&quot;:{&quot;value&quot;:&quot;&quot;,&quot;library&quot;:&quot;&quot;},&quot;item_icon_active&quot;:null,&quot;element_id&quot;:&quot;&quot;},{&quot;item_title&quot;:&quot;Katal\\u00f3gus&quot;,&quot;_id&quot;:&quot;25014b8&quot;,&quot;item_link&quot;:{&quot;url&quot;:&quot;&quot;,&quot;is_external&quot;:&quot;&quot;,&quot;nofollow&quot;:&quot;&quot;,&quot;custom_attributes&quot;:&quot;&quot;},&quot;item_dropdown_content&quot;:&quot;no&quot;,&quot;item_icon&quot;:{&quot;value&quot;:&quot;&quot;,&quot;library&quot;:&quot;&quot;},&quot;item_icon_active&quot;:null,&quot;element_id&quot;:&quot;&quot;},{&quot;item_title&quot;:&quot;Kateg\\u00f3ri\\u00e1k&quot;,&quot;_id&quot;:&quot;270277d&quot;,&quot;item_dropdown_content&quot;:&quot;yes&quot;,&quot;item_link&quot;:{&quot;url&quot;:&quot;&quot;,&quot;is_external&quot;:&quot;&quot;,&quot;nofollow&quot;:&quot;&quot;,&quot;custom_attributes&quot;:&quot;&quot;},&quot;item_icon&quot;:{&quot;value&quot;:&quot;&quot;,&quot;library&quot;:&quot;&quot;},&quot;item_icon_active&quot;:null,&quot;element_id&quot;:&quot;&quot;}],&quot;item_position_horizontal_mobile&quot;:&quot;start&quot;,&quot;breakpoint_selector&quot;:&quot;none&quot;,&quot;menu_item_title_distance_from_content_mobile&quot;:{&quot;unit&quot;:&quot;px&quot;,&quot;size&quot;:18,&quot;sizes&quot;:[]},&quot;content_width&quot;:&quot;full_width&quot;,&quot;item_layout&quot;:&quot;horizontal&quot;,&quot;open_on&quot;:&quot;hover&quot;,&quot;horizontal_scroll&quot;:&quot;disable&quot;,&quot;menu_item_title_distance_from_content&quot;:{&quot;unit&quot;:&quot;px&quot;,&quot;size&quot;:0,&quot;sizes&quot;:[]},&quot;menu_item_title_distance_from_content_tablet&quot;:{&quot;unit&quot;:&quot;px&quot;,&quot;size&quot;:&quot;&quot;,&quot;sizes&quot;:[]}}\" data-widget_type=\"mega-menu.default\">\n\t\t\t\t\t\t\t<nav class=\"e-n-menu\" data-widget-number=\"981\" aria-label=\"Men\u00fc\">\n\t\t\t\t\t<button class=\"e-n-menu-toggle\" id=\"menu-toggle-981\" aria-haspopup=\"true\" aria-expanded=\"false\" aria-controls=\"menubar-981\" aria-label=\"Men\u00fc Umschalter\">\n\t\t\t<span class=\"e-n-menu-toggle-icon e-open\">\n\t\t\t\t<svg class=\"e-font-icon-svg e-eicon-menu-bar\" viewBox=\"0 0 1000 1000\" xmlns=\"http:\/\/www.w3.org\/2000\/svg\"><path d=\"M104 333H896C929 333 958 304 958 271S929 208 896 208H104C71 208 42 237 42 271S71 333 104 333ZM104 583H896C929 583 958 554 958 521S929 458 896 458H104C71 458 42 487 42 521S71 583 104 583ZM104 833H896C929 833 958 804 958 771S929 708 896 708H104C71 708 42 737 42 771S71 833 104 833Z\"><\/path><\/svg>\t\t\t<\/span>\n\t\t\t<span class=\"e-n-menu-toggle-icon e-close\">\n\t\t\t\t<svg class=\"e-font-icon-svg e-eicon-close\" viewBox=\"0 0 1000 1000\" xmlns=\"http:\/\/www.w3.org\/2000\/svg\"><path d=\"M742 167L500 408 258 167C246 154 233 150 217 150 196 150 179 158 167 167 154 179 150 196 150 212 150 229 154 242 171 254L408 500 167 742C138 771 138 800 167 829 196 858 225 858 254 829L496 587 738 829C750 842 767 846 783 846 800 846 817 842 829 829 842 817 846 804 846 783 846 767 842 750 829 737L588 500 833 258C863 229 863 200 833 171 804 137 775 137 742 167Z\"><\/path><\/svg>\t\t\t<\/span>\n\t\t<\/button>\n\t\t\t\t\t<div class=\"e-n-menu-wrapper\" id=\"menubar-981\" aria-labelledby=\"menu-toggle-981\">\n\t\t\t\t<ul class=\"e-n-menu-heading\">\n\t\t\t\t\t\t\t\t<li class=\"e-n-menu-item\">\n\t\t\t\t<div id=\"e-n-menu-title-9811\" class=\"e-n-menu-title\">\n\t\t\t\t\t<div class=\"e-n-menu-title-container\">\t\t\t\t\t\t\t\t\t\t\t\t<span class=\"e-n-menu-title-text\">\n\t\t\t\t\t\t\t\u00c1ruh\u00e1z\t\t\t\t\t\t<\/span>\n\t\t\t\t\t<\/div>\t\t\t\t\t\t\t\t\t<\/div>\n\t\t\t\t\t\t\t<\/li>\n\t\t\t\t\t<li class=\"e-n-menu-item\">\n\t\t\t\t<div id=\"e-n-menu-title-9812\" class=\"e-n-menu-title\">\n\t\t\t\t\t<div class=\"e-n-menu-title-container\">\t\t\t\t\t\t\t\t\t\t\t\t<span class=\"e-n-menu-title-text\">\n\t\t\t\t\t\t\tKatal\u00f3gus\t\t\t\t\t\t<\/span>\n\t\t\t\t\t<\/div>\t\t\t\t\t\t\t\t\t<\/div>\n\t\t\t\t\t\t\t<\/li>\n\t\t\t\t\t<li class=\"e-n-menu-item\">\n\t\t\t\t<div id=\"e-n-menu-title-9813\" class=\"e-n-menu-title\">\n\t\t\t\t\t<div class=\"e-n-menu-title-container\">\t\t\t\t\t\t\t\t\t\t\t\t<span class=\"e-n-menu-title-text\">\n\t\t\t\t\t\t\tKateg\u00f3ri\u00e1k\t\t\t\t\t\t<\/span>\n\t\t\t\t\t<\/div>\t\t\t\t\t\t\t\t\t\t\t<button id=\"e-n-menu-dropdown-icon-9813\" class=\"e-n-menu-dropdown-icon e-focus\" data-tab-index=\"3\" aria-haspopup=\"true\" aria-expanded=\"false\" aria-controls=\"e-n-menu-content-9813\" >\n\t\t\t\t\t\t\t<span class=\"e-n-menu-dropdown-icon-opened\">\n\t\t\t\t\t\t\t\t\t\t\t\t\t\t\t\t<span class=\"elementor-screen-only\">Schlie\u00dfe Kateg\u00f3ri\u00e1k<\/span>\n\t\t\t\t\t\t\t<\/span>\n\t\t\t\t\t\t\t<span class=\"e-n-menu-dropdown-icon-closed\">\n\t\t\t\t\t\t\t\t\t\t\t\t\t\t\t\t<span class=\"elementor-screen-only\">\u00d6ffne Kateg\u00f3ri\u00e1k<\/span>\n\t\t\t\t\t\t\t<\/span>\n\t\t\t\t\t\t<\/button>\n\t\t\t\t\t\t\t\t\t<\/div>\n\t\t\t\t\t\t\t\t\t<div class=\"e-n-menu-content\">\n\t\t\t\t\t\t<div id=\"e-n-menu-content-9813\" data-tab-index=\"3\" aria-labelledby=\"e-n-menu-dropdown-icon-9813\" class=\"elementor-element elementor-element-6194d80 e-flex e-con-boxed e-con e-child\" data-id=\"6194d80\" data-element_type=\"container\" data-e-type=\"container\" data-settings=\"{&quot;jet_parallax_layout_list&quot;:[]}\">\n\t\t\t\t\t<div class=\"e-con-inner\">\n\t\t<div class=\"elementor-element elementor-element-b0a8e38 e-flex e-con-boxed e-con e-child\" data-id=\"b0a8e38\" data-element_type=\"container\" data-e-type=\"container\" data-settings=\"{&quot;background_background&quot;:&quot;classic&quot;,&quot;jet_parallax_layout_list&quot;:[]}\">\n\t\t\t\t\t<div class=\"e-con-inner\">\n\t\t\t\t<div class=\"elementor-element elementor-element-1e3a3e2 elementor-mobile-align-start elementor-widget-mobile__width-initial elementor-icon-list--layout-traditional elementor-list-item-link-full_width elementor-widget elementor-widget-icon-list\" data-id=\"1e3a3e2\" data-element_type=\"widget\" data-e-type=\"widget\" data-widget_type=\"icon-list.default\">\n\t\t\t\t\t\t\t<ul class=\"elementor-icon-list-items\">\n\t\t\t\t\t\t\t<li class=\"elementor-icon-list-item\">\n\t\t\t\t\t\t\t\t\t\t<span class=\"elementor-icon-list-text\">Lakoss\u00e1gi ventill\u00e1tok<\/span>\n\t\t\t\t\t\t\t\t\t<\/li>\n\t\t\t\t\t\t\t\t<li class=\"elementor-icon-list-item\">\n\t\t\t\t\t\t\t\t\t\t<span class=\"elementor-icon-list-text\">Ipari ventill\u00e1tor<\/span>\n\t\t\t\t\t\t\t\t\t<\/li>\n\t\t\t\t\t\t\t\t<li class=\"elementor-icon-list-item\">\n\t\t\t\t\t\t\t\t\t\t<span class=\"elementor-icon-list-text\">Egyhelyis\u00e9ges l\u00e9gkezel\u0151k<\/span>\n\t\t\t\t\t\t\t\t\t<\/li>\n\t\t\t\t\t\t\t\t<li class=\"elementor-icon-list-item\">\n\t\t\t\t\t\t\t\t\t\t<span class=\"elementor-icon-list-text\">L\u00e9gkezel\u0151 berendez\u00e9s<\/span>\n\t\t\t\t\t\t\t\t\t<\/li>\n\t\t\t\t\t\t\t\t<li class=\"elementor-icon-list-item\">\n\t\t\t\t\t\t\t\t\t\t<span class=\"elementor-icon-list-text\">L\u00e9gcsatorna \u00e9s idom<\/span>\n\t\t\t\t\t\t\t\t\t<\/li>\n\t\t\t\t\t\t\t\t<li class=\"elementor-icon-list-item\">\n\t\t\t\t\t\t\t\t\t\t<span class=\"elementor-icon-list-text\">L\u00e9gtechnikai elem<\/span>\n\t\t\t\t\t\t\t\t\t<\/li>\n\t\t\t\t\t\t\t\t<li class=\"elementor-icon-list-item\">\n\t\t\t\t\t\t\t\t\t\t<span class=\"elementor-icon-list-text\">Elektromos kieg\u00e9sz\u00edt\u0151<\/span>\n\t\t\t\t\t\t\t\t\t<\/li>\n\t\t\t\t\t\t\t\t<li class=\"elementor-icon-list-item\">\n\t\t\t\t\t\t\t\t\t\t<span class=\"elementor-icon-list-text\">Kieg\u00e9sz\u00edt\u0151<\/span>\n\t\t\t\t\t\t\t\t\t<\/li>\n\t\t\t\t\t\t\t\t<li class=\"elementor-icon-list-item\">\n\t\t\t\t\t\t\t\t\t\t<span class=\"elementor-icon-list-text\">Elektromos kieg\u00e9sz\u00edt\u0151<\/span>\n\t\t\t\t\t\t\t\t\t<\/li>\n\t\t\t\t\t\t\t\t<li class=\"elementor-icon-list-item\">\n\t\t\t\t\t\t\t\t\t\t<span class=\"elementor-icon-list-text\">Spir\u00e1lkorcolt \u00e9s egy\u00e9b<\/span>\n\t\t\t\t\t\t\t\t\t<\/li>\n\t\t\t\t\t\t\t\t<li class=\"elementor-icon-list-item\">\n\t\t\t\t\t\t\t\t\t\t<span class=\"elementor-icon-list-text\">Idegen helyettes\u00edt\u0151<\/span>\n\t\t\t\t\t\t\t\t\t<\/li>\n\t\t\t\t\t\t<\/ul>\n\t\t\t\t\t\t<\/div>\n\t\t\t\t\t<\/div>\n\t\t\t\t<\/div>\n\t\t\t\t\t<\/div>\n\t\t\t\t<\/div>\n\t\t\t\t\t\t\t<\/div>\n\t\t\t\t\t\t\t<\/li>\n\t\t\t\t\t\t<\/ul>\n\t\t\t<\/div>\n\t\t<\/nav>\n\t\t\t\t\t\t<\/div>\n\t\t\t\t<div class=\"elementor-element elementor-element-2aa3da3 elementor-icon-list--layout-inline elementor-mobile-align-center elementor-widget-mobile__width-initial elementor-list-item-link-full_width elementor-widget elementor-widget-icon-list\" data-id=\"2aa3da3\" data-element_type=\"widget\" data-e-type=\"widget\" data-widget_type=\"icon-list.default\">\n\t\t\t\t\t\t\t<ul class=\"elementor-icon-list-items elementor-inline-items\">\n\t\t\t\t\t\t\t<li class=\"elementor-icon-list-item elementor-inline-item\">\n\t\t\t\t\t\t\t\t\t\t\t<span class=\"elementor-icon-list-icon\">\n\t\t\t\t\t\t\t<svg aria-hidden=\"true\" class=\"e-font-icon-svg e-fas-shopping-cart\" viewBox=\"0 0 576 512\" xmlns=\"http:\/\/www.w3.org\/2000\/svg\"><path d=\"M528.12 301.319l47.273-208C578.806 78.301 567.391 64 551.99 64H159.208l-9.166-44.81C147.758 8.021 137.93 0 126.529 0H24C10.745 0 0 10.745 0 24v16c0 13.255 10.745 24 24 24h69.883l70.248 343.435C147.325 417.1 136 435.222 136 456c0 30.928 25.072 56 56 56s56-25.072 56-56c0-15.674-6.447-29.835-16.824-40h209.647C430.447 426.165 424 440.326 424 456c0 30.928 25.072 56 56 56s56-25.072 56-56c0-22.172-12.888-41.332-31.579-50.405l5.517-24.276c3.413-15.018-8.002-29.319-23.403-29.319H218.117l-6.545-32h293.145c11.206 0 20.92-7.754 23.403-18.681z\"><\/path><\/svg>\t\t\t\t\t\t<\/span>\n\t\t\t\t\t\t\t\t\t\t<span class=\"elementor-icon-list-text\"><\/span>\n\t\t\t\t\t\t\t\t\t<\/li>\n\t\t\t\t\t\t\t\t<li class=\"elementor-icon-list-item elementor-inline-item\">\n\t\t\t\t\t\t\t\t\t\t\t<span class=\"elementor-icon-list-icon\">\n\t\t\t\t\t\t\t<svg aria-hidden=\"true\" class=\"e-font-icon-svg e-fas-user\" viewBox=\"0 0 448 512\" xmlns=\"http:\/\/www.w3.org\/2000\/svg\"><path d=\"M224 256c70.7 0 128-57.3 128-128S294.7 0 224 0 96 57.3 96 128s57.3 128 128 128zm89.6 32h-16.7c-22.2 10.2-46.9 16-72.9 16s-50.6-5.8-72.9-16h-16.7C60.2 288 0 348.2 0 422.4V464c0 26.5 21.5 48 48 48h352c26.5 0 48-21.5 48-48v-41.6c0-74.2-60.2-134.4-134.4-134.4z\"><\/path><\/svg>\t\t\t\t\t\t<\/span>\n\t\t\t\t\t\t\t\t\t\t<span class=\"elementor-icon-list-text\"><\/span>\n\t\t\t\t\t\t\t\t\t<\/li>\n\t\t\t\t\t\t<\/ul>\n\t\t\t\t\t\t<\/div>\n\t\t\t\t\t<\/div>\n\t\t\t\t<\/div>\n\t\t<div class=\"elementor-element elementor-element-18368cf e-flex e-con-boxed e-con e-parent\" data-id=\"18368cf\" data-element_type=\"container\" data-e-type=\"container\" data-settings=\"{&quot;jet_parallax_layout_list&quot;:[]}\">\n\t\t\t\t\t<div class=\"e-con-inner\">\n\t\t\t\t<div class=\"elementor-element elementor-element-230b163 elementor-widget elementor-widget-image\" data-id=\"230b163\" data-element_type=\"widget\" data-e-type=\"widget\" data-widget_type=\"image.default\">\n\t\t\t\t\t\t\t\t\t\t\t\t\t\t\t<img fetchpriority=\"high\" decoding=\"async\" width=\"611\" height=\"1024\" src=\"https:\/\/vents.hu\/wp-content\/uploads\/2025\/07\/Untitled-1-611x1024.png\" class=\"attachment-large size-large wp-image-5860\" alt=\"\" srcset=\"https:\/\/vents.hu\/wp-content\/uploads\/2025\/07\/Untitled-1-611x1024.png 611w, https:\/\/vents.hu\/wp-content\/uploads\/2025\/07\/Untitled-1-179x300.png 179w, https:\/\/vents.hu\/wp-content\/uploads\/2025\/07\/Untitled-1.png 619w\" sizes=\"(max-width: 611px) 100vw, 611px\" \/>\t\t\t\t\t\t\t\t\t\t\t\t\t\t\t<\/div>\n\t\t\t\t\t<\/div>\n\t\t\t\t<\/div>\n\t\t\t\t<\/div>\n\t\t","protected":false},"excerpt":{"rendered":"<p>\u00c1ruh\u00e1z Katal\u00f3gus Kateg\u00f3ri\u00e1k Close Kateg\u00f3ri\u00e1k Open Kateg\u00f3ri\u00e1k Lakoss\u00e1gi ventill\u00e1tok Ipari ventill\u00e1tor Egyhelyis\u00e9ges l\u00e9gkezel\u0151k L\u00e9gkezel\u0151 berendez\u00e9s L\u00e9gcsatorna \u00e9s idom L\u00e9gtechnikai elem Elektromos kieg\u00e9sz\u00edt\u0151 Kieg\u00e9sz\u00edt\u0151 Elektromos kieg\u00e9sz\u00edt\u0151 Spir\u00e1lkorcolt \u00e9s egy\u00e9b Idegen helyettes\u00edt\u0151 Lakoss\u00e1gi ventill\u00e1tok Ipari ventill\u00e1tor Egyhelyis\u00e9ges l\u00e9gkezel\u0151k L\u00e9gkezel\u0151 berendez\u00e9s L\u00e9gcsatorna \u00e9s idom L\u00e9gtechnikai elem Elektromos kieg\u00e9sz\u00edt\u0151 Kieg\u00e9sz\u00edt\u0151 Elektromos kieg\u00e9sz\u00edt\u0151 Spir\u00e1lkorcolt \u00e9s egy\u00e9b Idegen helyettes\u00edt\u0151<\/p>","protected":false},"author":1,"featured_media":0,"parent":0,"menu_order":0,"comment_status":"closed","ping_status":"closed","template":"elementor_canvas","meta":{"_acf_changed":false,"inline_featured_image":false,"footnotes":""},"class_list":["post-5848","page","type-page","status-publish","hentry"],"acf":[],"_links":{"self":[{"href":"https:\/\/vents.hu\/de\/wp-json\/wp\/v2\/pages\/5848","targetHints":{"allow":["GET"]}}],"collection":[{"href":"https:\/\/vents.hu\/de\/wp-json\/wp\/v2\/pages"}],"about":[{"href":"https:\/\/vents.hu\/de\/wp-json\/wp\/v2\/types\/page"}],"author":[{"embeddable":true,"href":"https:\/\/vents.hu\/de\/wp-json\/wp\/v2\/users\/1"}],"replies":[{"embeddable":true,"href":"https:\/\/vents.hu\/de\/wp-json\/wp\/v2\/comments?post=5848"}],"version-history":[{"count":34,"href":"https:\/\/vents.hu\/de\/wp-json\/wp\/v2\/pages\/5848\/revisions"}],"predecessor-version":[{"id":5886,"href":"https:\/\/vents.hu\/de\/wp-json\/wp\/v2\/pages\/5848\/revisions\/5886"}],"wp:attachment":[{"href":"https:\/\/vents.hu\/de\/wp-json\/wp\/v2\/media?parent=5848"}],"curies":[{"name":"wp","href":"https:\/\/api.w.org\/{rel}","templated":true}]}}