{"id":4593,"date":"2025-02-03T15:03:00","date_gmt":"2025-02-03T14:03:00","guid":{"rendered":"https:\/\/vents.hu\/?page_id=4593"},"modified":"2025-02-03T15:12:43","modified_gmt":"2025-02-03T14:12:43","slug":"form","status":"publish","type":"page","link":"https:\/\/vents.hu\/de\/form\/","title":{"rendered":"form"},"content":{"rendered":"\t\t<div data-elementor-type=\"wp-page\" data-elementor-id=\"4593\" class=\"elementor elementor-4593\" data-elementor-post-type=\"page\">\n\t\t\t\t<div class=\"elementor-element elementor-element-20ca119 e-flex e-con-boxed e-con e-parent\" data-id=\"20ca119\" data-element_type=\"container\" data-e-type=\"container\" data-settings=\"{&quot;jet_parallax_layout_list&quot;:[]}\">\n\t\t\t\t\t<div class=\"e-con-inner\">\n\t\t\t\t<div class=\"elementor-element elementor-element-4167f3f elementor-button-align-start elementor-widget elementor-widget-form\" data-id=\"4167f3f\" data-element_type=\"widget\" data-e-type=\"widget\" data-settings=\"{&quot;step_next_label&quot;:&quot;Next&quot;,&quot;step_previous_label&quot;:&quot;Previous&quot;,&quot;button_width&quot;:&quot;50&quot;,&quot;button_width_tablet&quot;:&quot;33&quot;,&quot;step_type&quot;:&quot;number_text&quot;,&quot;step_icon_shape&quot;:&quot;circle&quot;}\" data-widget_type=\"form.default\">\n\t\t\t\t\t\t\t<form class=\"elementor-form\" method=\"post\" name=\"Form\" aria-label=\"Form\">\n\t\t\t<input type=\"hidden\" name=\"post_id\" value=\"4593\"\/>\n\t\t\t<input type=\"hidden\" name=\"form_id\" value=\"4167f3f\"\/>\n\t\t\t<input type=\"hidden\" name=\"referer_title\" value=\"\" \/>\n\n\t\t\t\n\t\t\t<div class=\"elementor-form-fields-wrapper elementor-labels-above\">\n\t\t\t\t\t\t\t\t<div class=\"elementor-field-type-text elementor-field-group elementor-column elementor-field-group-name elementor-col-100 elementor-field-required elementor-mark-required\">\n\t\t\t\t\t\t\t\t\t\t\t\t<label for=\"form-field-name\" class=\"elementor-field-label\">\n\t\t\t\t\t\t\t\tMegrendel\u0151 neve\t\t\t\t\t\t\t<\/label>\n\t\t\t\t\t\t\t\t\t\t\t\t\t\t<input size=\"1\" type=\"text\" name=\"form_fields[name]\" id=\"form-field-name\" class=\"elementor-field elementor-size-sm  elementor-field-textual\" required=\"required\">\n\t\t\t\t\t\t\t\t\t\t\t<\/div>\n\t\t\t\t\t\t\t\t<div class=\"elementor-field-type-email elementor-field-group elementor-column elementor-field-group-email elementor-col-33 elementor-field-required elementor-mark-required\">\n\t\t\t\t\t\t\t\t\t\t\t\t<label for=\"form-field-email\" class=\"elementor-field-label\">\n\t\t\t\t\t\t\t\tEmail c\u00edm\t\t\t\t\t\t\t<\/label>\n\t\t\t\t\t\t\t\t\t\t\t\t\t\t<input size=\"1\" type=\"email\" name=\"form_fields[email]\" id=\"form-field-email\" class=\"elementor-field elementor-size-sm  elementor-field-textual\" required=\"required\">\n\t\t\t\t\t\t\t\t\t\t\t<\/div>\n\t\t\t\t\t\t\t\t<div class=\"elementor-field-type-number elementor-field-group elementor-column elementor-field-group-field_9f649f5 elementor-col-33 elementor-field-required elementor-mark-required\">\n\t\t\t\t\t\t\t\t\t\t\t\t<label for=\"form-field-field_9f649f5\" class=\"elementor-field-label\">\n\t\t\t\t\t\t\t\tTelefonsz\u00e1m\t\t\t\t\t\t\t<\/label>\n\t\t\t\t\t\t\t\t\t<input type=\"number\" name=\"form_fields[field_9f649f5]\" id=\"form-field-field_9f649f5\" class=\"elementor-field elementor-size-sm  elementor-field-textual\" required=\"required\" min=\"\" max=\"\" >\n\t\t\t\t\t\t<\/div>\n\t\t\t\t\t\t\t\t<div class=\"elementor-field-type-tel elementor-field-group elementor-column elementor-field-group-field_8670b46 elementor-col-33 elementor-field-required elementor-mark-required\">\n\t\t\t\t\t\t\t\t\t\t\t\t<label for=\"form-field-field_8670b46\" class=\"elementor-field-label\">\n\t\t\t\t\t\t\t\tD\u00e1tum\t\t\t\t\t\t\t<\/label>\n\t\t\t\t\t\t\t\t<input size=\"1\" type=\"tel\" name=\"form_fields[field_8670b46]\" id=\"form-field-field_8670b46\" class=\"elementor-field elementor-size-sm  elementor-field-textual\" required=\"required\" pattern=\"[0-9()#&amp;+*-=.]+\" title=\"Nur Nummern oder Telefon-Zeichen (#, -, *, etc) werden akzeptiert.\">\n\n\t\t\t\t\t\t<\/div>\n\t\t\t\t\t\t\t\t<div class=\"elementor-field-type-text elementor-field-group elementor-column elementor-field-group-message elementor-col-50 elementor-field-required elementor-mark-required\">\n\t\t\t\t\t\t\t\t\t\t\t\t<label for=\"form-field-message\" class=\"elementor-field-label\">\n\t\t\t\t\t\t\t\t\u00c9p\u00fclet alapter\u00fclete, vagy annak a lakr\u00e9sznek az alapter\u00fclet\u00e9t, ahol a berendez\u00e9st haszn\u00e1lni szeretn\u00e9.\t\t\t\t\t\t\t<\/label>\n\t\t\t\t\t\t\t\t\t\t\t\t\t\t<input size=\"1\" type=\"text\" name=\"form_fields[message]\" id=\"form-field-message\" class=\"elementor-field elementor-size-sm  elementor-field-textual\" placeholder=\"Az \u00e9p\u00fclet alapter\u00fclete\" required=\"required\">\n\t\t\t\t\t\t\t\t\t\t\t<\/div>\n\t\t\t\t\t\t\t\t<div class=\"elementor-field-type-text elementor-field-group elementor-column elementor-field-group-field_b4efa81 elementor-col-50 elementor-field-required elementor-mark-required\">\n\t\t\t\t\t\t\t\t\t\t\t\t<label for=\"form-field-field_b4efa81\" class=\"elementor-field-label\">\n\t\t\t\t\t\t\t\t\u00cdrja be az \u00e9p\u00fclet szintjeinek sz\u00e1m\u00e1t, vagy azon szintek sz\u00e1m\u00e1t, ahol a berendez\u00e9st haszn\u00e1lni szeretn\u00e9.\t\t\t\t\t\t\t<\/label>\n\t\t\t\t\t\t\t\t\t\t\t\t\t\t<input size=\"1\" type=\"text\" name=\"form_fields[field_b4efa81]\" id=\"form-field-field_b4efa81\" class=\"elementor-field elementor-size-sm  elementor-field-textual\" placeholder=\"\u00c9p\u00fcletszintek\" required=\"required\">\n\t\t\t\t\t\t\t\t\t\t\t<\/div>\n\t\t\t\t\t\t\t\t<div class=\"elementor-field-type-text elementor-field-group elementor-column elementor-field-group-field_819b776 elementor-col-50 elementor-field-required elementor-mark-required\">\n\t\t\t\t\t\t\t\t\t\t\t\t<label for=\"form-field-field_819b776\" class=\"elementor-field-label\">\n\t\t\t\t\t\t\t\t\u00cdrja be az \u00e9p\u00fclet, lakr\u00e9sz belmagass\u00e1g\u00e1t ahol a berendez\u00e9st haszn\u00e1lni szeretn\u00e9.\t\t\t\t\t\t\t<\/label>\n\t\t\t\t\t\t\t\t\t\t\t\t\t\t<input size=\"1\" type=\"text\" name=\"form_fields[field_819b776]\" id=\"form-field-field_819b776\" class=\"elementor-field elementor-size-sm  elementor-field-textual\" placeholder=\"\u00c9p\u00fclet belmagass\u00e1ga\" required=\"required\">\n\t\t\t\t\t\t\t\t\t\t\t<\/div>\n\t\t\t\t\t\t\t\t<div class=\"elementor-field-type-select elementor-field-group elementor-column elementor-field-group-field_ecdf69b elementor-col-50 elementor-field-required elementor-mark-required\">\n\t\t\t\t\t\t\t\t\t\t\t\t<label for=\"form-field-field_ecdf69b\" class=\"elementor-field-label\">\n\t\t\t\t\t\t\t\tMi az \u00e9p\u00fclet f\u0151 alkot\u00f3eleme, vagy alkot\u00f3elemei? T\u00f6bb v\u00e1lasz is bejel\u00f6lhet\u0151.\t\t\t\t\t\t\t<\/label>\n\t\t\t\t\t\t\t\t<div class=\"elementor-field elementor-select-wrapper remove-before \">\n\t\t\t<div class=\"select-caret-down-wrapper\">\n\t\t\t\t<svg aria-hidden=\"true\" class=\"e-font-icon-svg e-eicon-caret-down\" viewBox=\"0 0 571.4 571.4\" xmlns=\"http:\/\/www.w3.org\/2000\/svg\"><path d=\"M571 393Q571 407 561 418L311 668Q300 679 286 679T261 668L11 418Q0 407 0 393T11 368 36 357H536Q550 357 561 368T571 393Z\"><\/path><\/svg>\t\t\t<\/div>\n\t\t\t<select name=\"form_fields[field_ecdf69b]\" id=\"form-field-field_ecdf69b\" class=\"elementor-field-textual elementor-size-sm\" required=\"required\">\n\t\t\t\t\t\t\t\t\t<option value=\"\"><\/option>\n\t\t\t\t\t\t\t\t\t<option value=\"T\u00e9gla\">T\u00e9gla<\/option>\n\t\t\t\t\t\t\t\t\t<option value=\"Fa\">Fa<\/option>\n\t\t\t\t\t\t\t\t\t<option value=\"Egy\u00e9b\">Egy\u00e9b<\/option>\n\t\t\t\t\t\t\t\t\t<option value=\"Betonpanel\">Betonpanel<\/option>\n\t\t\t\t\t\t\t<\/select>\n\t\t<\/div>\n\t\t\t\t\t\t<\/div>\n\t\t\t\t\t\t\t\t<div class=\"elementor-field-type-text elementor-field-group elementor-column elementor-field-group-field_4c85c84 elementor-col-50 elementor-field-required elementor-mark-required\">\n\t\t\t\t\t\t\t\t\t\t\t\t<label for=\"form-field-field_4c85c84\" class=\"elementor-field-label\">\n\t\t\t\t\t\t\t\t\u00cdrja be az \u00e9p\u00fclet szigetel\u00e9s\u00e9nek vastags\u00e1g\u00e1t.\t\t\t\t\t\t\t<\/label>\n\t\t\t\t\t\t\t\t\t\t\t\t\t\t<input size=\"1\" type=\"text\" name=\"form_fields[field_4c85c84]\" id=\"form-field-field_4c85c84\" class=\"elementor-field elementor-size-sm  elementor-field-textual\" placeholder=\"\u00c9p\u00fclet szigetel\u00e9se\" required=\"required\">\n\t\t\t\t\t\t\t\t\t\t\t<\/div>\n\t\t\t\t\t\t\t\t<div class=\"elementor-field-type-text elementor-field-group elementor-column elementor-field-group-field_8b9439c elementor-col-50 elementor-field-required elementor-mark-required\">\n\t\t\t\t\t\t\t\t\t\t\t\t<label for=\"form-field-field_8b9439c\" class=\"elementor-field-label\">\n\t\t\t\t\t\t\t\t\u00cdrja be az \u00e9p\u00fclet azon lak\u00f3inak sz\u00e1m\u00e1t, akik egy id\u0151ben az \u00e9p\u00fcletben tart\u00f3zkodnak.\t\t\t\t\t\t\t<\/label>\n\t\t\t\t\t\t\t\t\t\t\t\t\t\t<input size=\"1\" type=\"text\" name=\"form_fields[field_8b9439c]\" id=\"form-field-field_8b9439c\" class=\"elementor-field elementor-size-sm  elementor-field-textual\" placeholder=\"Lak\u00f3k sz\u00e1ma\" required=\"required\">\n\t\t\t\t\t\t\t\t\t\t\t<\/div>\n\t\t\t\t\t\t\t\t<div class=\"elementor-field-type-select elementor-field-group elementor-column elementor-field-group-field_0b872ef elementor-col-50 elementor-field-required elementor-mark-required\">\n\t\t\t\t\t\t\t\t\t\t\t\t<label for=\"form-field-field_0b872ef\" class=\"elementor-field-label\">\n\t\t\t\t\t\t\t\tF\u0171t\u00e9s t\u00edpusa\t\t\t\t\t\t\t<\/label>\n\t\t\t\t\t\t\t\t<div class=\"elementor-field elementor-select-wrapper remove-before \">\n\t\t\t<div class=\"select-caret-down-wrapper\">\n\t\t\t\t<svg aria-hidden=\"true\" class=\"e-font-icon-svg e-eicon-caret-down\" viewBox=\"0 0 571.4 571.4\" xmlns=\"http:\/\/www.w3.org\/2000\/svg\"><path d=\"M571 393Q571 407 561 418L311 668Q300 679 286 679T261 668L11 418Q0 407 0 393T11 368 36 357H536Q550 357 561 368T571 393Z\"><\/path><\/svg>\t\t\t<\/div>\n\t\t\t<select name=\"form_fields[field_0b872ef]\" id=\"form-field-field_0b872ef\" class=\"elementor-field-textual elementor-size-sm\" required=\"required\">\n\t\t\t\t\t\t\t\t\t<option value=\"Elektromos\">Elektromos<\/option>\n\t\t\t\t\t\t\t\t\t<option value=\"G\u00e1z-k\u00f6zponti\">G\u00e1z-k\u00f6zponti<\/option>\n\t\t\t\t\t\t\t\t\t<option value=\"Ny\u00edlt \u00e9g\u00e9ster\u0171 (k\u00e1lyha vagy kandall\u00f3)\">Ny\u00edlt \u00e9g\u00e9ster\u0171 (k\u00e1lyha vagy kandall\u00f3)<\/option>\n\t\t\t\t\t\t\t\t\t<option value=\"H\u0151szovatty\u00fa\">H\u0151szovatty\u00fa<\/option>\n\t\t\t\t\t\t\t<\/select>\n\t\t<\/div>\n\t\t\t\t\t\t<\/div>\n\t\t\t\t\t\t\t\t<div class=\"elementor-field-type-select elementor-field-group elementor-column elementor-field-group-field_3cb1e63 elementor-col-50 elementor-field-required elementor-mark-required\">\n\t\t\t\t\t\t\t\t\t\t\t\t<label for=\"form-field-field_3cb1e63\" class=\"elementor-field-label\">\n\t\t\t\t\t\t\t\tH\u0171t\u00e9s t\u00edpusa\t\t\t\t\t\t\t<\/label>\n\t\t\t\t\t\t\t\t<div class=\"elementor-field elementor-select-wrapper remove-before \">\n\t\t\t<div class=\"select-caret-down-wrapper\">\n\t\t\t\t<svg aria-hidden=\"true\" class=\"e-font-icon-svg e-eicon-caret-down\" viewBox=\"0 0 571.4 571.4\" xmlns=\"http:\/\/www.w3.org\/2000\/svg\"><path d=\"M571 393Q571 407 561 418L311 668Q300 679 286 679T261 668L11 418Q0 407 0 393T11 368 36 357H536Q550 357 561 368T571 393Z\"><\/path><\/svg>\t\t\t<\/div>\n\t\t\t<select name=\"form_fields[field_3cb1e63]\" id=\"form-field-field_3cb1e63\" class=\"elementor-field-textual elementor-size-sm\" required=\"required\">\n\t\t\t\t\t\t\t\t\t<option value=\"Nincs\">Nincs<\/option>\n\t\t\t\t\t\t\t\t\t<option value=\"L\u00e9gkondcion\u00e1l\u00f3\">L\u00e9gkondcion\u00e1l\u00f3<\/option>\n\t\t\t\t\t\t\t\t\t<option value=\"Mennyezet \u00e9s\/vagy fal h\u0171t\u00e9s\">Mennyezet \u00e9s\/vagy fal h\u0171t\u00e9s<\/option>\n\t\t\t\t\t\t\t<\/select>\n\t\t<\/div>\n\t\t\t\t\t\t<\/div>\n\t\t\t\t\t\t\t\t<div class=\"elementor-field-type-select elementor-field-group elementor-column elementor-field-group-field_760aee8 elementor-col-100 elementor-field-required elementor-mark-required\">\n\t\t\t\t\t\t\t\t\t\t\t\t<label for=\"form-field-field_760aee8\" class=\"elementor-field-label\">\n\t\t\t\t\t\t\t\tJel\u00f6lje meg azon \u00e9rz\u00e9kel\u0151k t\u00edpusait, amelyeket szeretne be\u00e9p\u00edteni. \t\t\t\t\t\t\t<\/label>\n\t\t\t\t\t\t\t\t<div class=\"elementor-field elementor-select-wrapper remove-before \">\n\t\t\t<div class=\"select-caret-down-wrapper\">\n\t\t\t\t<svg aria-hidden=\"true\" class=\"e-font-icon-svg e-eicon-caret-down\" viewBox=\"0 0 571.4 571.4\" xmlns=\"http:\/\/www.w3.org\/2000\/svg\"><path d=\"M571 393Q571 407 561 418L311 668Q300 679 286 679T261 668L11 418Q0 407 0 393T11 368 36 357H536Q550 357 561 368T571 393Z\"><\/path><\/svg>\t\t\t<\/div>\n\t\t\t<select name=\"form_fields[field_760aee8]\" id=\"form-field-field_760aee8\" class=\"elementor-field-textual elementor-size-sm\" required=\"required\">\n\t\t\t\t\t\t\t\t\t<option value=\"Sz\u00e9nmonoxid\">Sz\u00e9nmonoxid<\/option>\n\t\t\t\t\t\t\t\t\t<option value=\"Sz\u00e9ndioxid\">Sz\u00e9ndioxid<\/option>\n\t\t\t\t\t\t\t\t\t<option value=\"P\u00e1ratartalom\">P\u00e1ratartalom<\/option>\n\t\t\t\t\t\t\t\t\t<option value=\"H\u0151m\u00e9rs\u00e9klet\">H\u0151m\u00e9rs\u00e9klet<\/option>\n\t\t\t\t\t\t\t<\/select>\n\t\t<\/div>\n\t\t\t\t\t\t<\/div>\n\t\t\t\t\t\t\t\t<div class=\"elementor-field-type-checkbox elementor-field-group elementor-column elementor-field-group-field_4d48700 elementor-col-50\">\n\t\t\t\t\t\t\t\t\t\t\t\t<label for=\"form-field-field_4d48700\" class=\"elementor-field-label\">\n\t\t\t\t\t\t\t\tJel\u00f6lje meg azon m\u00f3dokat, ahogyan a rendszert szeretn\u00e9 szab\u00e1lyozni\t\t\t\t\t\t\t<\/label>\n\t\t\t\t\t\t<div class=\"elementor-field-subgroup  elementor-subgroup-inline\"><span class=\"elementor-field-option\"><input type=\"checkbox\" value=\"Fali kapcsol\u00f3\" id=\"form-field-field_4d48700-0\" name=\"form_fields[field_4d48700][]\"> <label for=\"form-field-field_4d48700-0\">Fali kapcsol\u00f3<\/label><\/span><span class=\"elementor-field-option\"><input type=\"checkbox\" value=\"T\u00e1vir\u00e1ny\u00edt\u00f3\" id=\"form-field-field_4d48700-1\" name=\"form_fields[field_4d48700][]\"> <label for=\"form-field-field_4d48700-1\">T\u00e1vir\u00e1ny\u00edt\u00f3<\/label><\/span><span class=\"elementor-field-option\"><input type=\"checkbox\" value=\"Mobil applik\u00e1ci\u00f3\" id=\"form-field-field_4d48700-2\" name=\"form_fields[field_4d48700][]\"> <label for=\"form-field-field_4d48700-2\">Mobil applik\u00e1ci\u00f3<\/label><\/span><span class=\"elementor-field-option\"><input type=\"checkbox\" value=\"Wifi\" id=\"form-field-field_4d48700-3\" name=\"form_fields[field_4d48700][]\"> <label for=\"form-field-field_4d48700-3\">Wifi<\/label><\/span><\/div>\t\t\t\t<\/div>\n\t\t\t\t\t\t\t\t<div class=\"elementor-field-type-checkbox elementor-field-group elementor-column elementor-field-group-field_44d2e2f elementor-col-50\">\n\t\t\t\t\t\t\t\t\t\t\t\t<label for=\"form-field-field_44d2e2f\" class=\"elementor-field-label\">\n\t\t\t\t\t\t\t\tJel\u00f6lje meg azon sz\u0171r\u0151ket, amelyeket szeretn\u00e9 rendszer\u00e9ben alkalmazni.\t\t\t\t\t\t\t<\/label>\n\t\t\t\t\t\t<div class=\"elementor-field-subgroup  elementor-subgroup-inline\"><span class=\"elementor-field-option\"><input type=\"checkbox\" value=\"Akt\u00edv szenes sz\u0171r\u0151\" id=\"form-field-field_44d2e2f-0\" name=\"form_fields[field_44d2e2f][]\"> <label for=\"form-field-field_44d2e2f-0\">Akt\u00edv szenes sz\u0171r\u0151<\/label><\/span><span class=\"elementor-field-option\"><input type=\"checkbox\" value=\"Hepa sz\u0171r\u0151\" id=\"form-field-field_44d2e2f-1\" name=\"form_fields[field_44d2e2f][]\"> <label for=\"form-field-field_44d2e2f-1\">Hepa sz\u0171r\u0151<\/label><\/span><span class=\"elementor-field-option\"><input type=\"checkbox\" value=\"G4,F7,F8 sz\u0171r\u0151\" id=\"form-field-field_44d2e2f-2\" name=\"form_fields[field_44d2e2f][]\"> <label for=\"form-field-field_44d2e2f-2\">G4,F7,F8 sz\u0171r\u0151<\/label><\/span><\/div>\t\t\t\t<\/div>\n\t\t\t\t\t\t\t\t<div class=\"elementor-field-type-textarea elementor-field-group elementor-column elementor-field-group-field_b8277d6 elementor-col-100\">\n\t\t\t\t\t\t\t\t\t\t\t\t<label for=\"form-field-field_b8277d6\" class=\"elementor-field-label\">\n\t\t\t\t\t\t\t\tEgy\u00e9b megjegyz\u00e9s\t\t\t\t\t\t\t<\/label>\n\t\t\t\t\t\t<textarea class=\"elementor-field-textual elementor-field  elementor-size-sm\" name=\"form_fields[field_b8277d6]\" id=\"form-field-field_b8277d6\" rows=\"4\"><\/textarea>\t\t\t\t<\/div>\n\t\t\t\t\t\t\t\t<div class=\"elementor-field-type-acceptance elementor-field-group elementor-column elementor-field-group-field_66de742 elementor-col-100 elementor-field-required elementor-mark-required\">\n\t\t\t\t\t\t\t<div class=\"elementor-field-subgroup\">\n\t\t\t<span class=\"elementor-field-option\">\n\t\t\t\t<input type=\"checkbox\" name=\"form_fields[field_66de742]\" id=\"form-field-field_66de742\" class=\"elementor-field elementor-size-sm  elementor-acceptance-field\" required=\"required\">\n\t\t\t\t<label for=\"form-field-field_66de742\">Hozz\u00e1j\u00e1rulok ahhoz, hogy a megadott adataimat az Adatv\u00e9delmi t\u00e1j\u00e9koztat\u00f3ban foglaltak szerint kezelj\u00e9k.<\/label>\t\t\t<\/span>\n\t\t<\/div>\n\t\t\t\t\t\t<\/div>\n\t\t\t\t\t\t\t\t<div class=\"elementor-field-group elementor-column elementor-field-type-submit elementor-col-50 e-form__buttons elementor-md-33\">\n\t\t\t\t\t<button class=\"elementor-button elementor-size-md\" type=\"submit\">\n\t\t\t\t\t\t<span class=\"elementor-button-content-wrapper\">\n\t\t\t\t\t\t\t\t\t\t\t\t\t\t\t\t\t\t\t\t\t\t<span class=\"elementor-button-text\">Elk\u00fcld\u00e9s<\/span>\n\t\t\t\t\t\t\t\t\t\t\t\t\t<\/span>\n\t\t\t\t\t<\/button>\n\t\t\t\t<\/div>\n\t\t\t<\/div>\n\t\t<\/form>\n\t\t\t\t\t\t<\/div>\n\t\t\t\t\t<\/div>\n\t\t\t\t<\/div>\n\t\t\t\t<\/div>\n\t\t","protected":false},"excerpt":{"rendered":"","protected":false},"author":1,"featured_media":0,"parent":0,"menu_order":0,"comment_status":"closed","ping_status":"closed","template":"","meta":{"_acf_changed":false,"inline_featured_image":false,"footnotes":""},"class_list":["post-4593","page","type-page","status-publish","hentry"],"acf":[],"_links":{"self":[{"href":"https:\/\/vents.hu\/de\/wp-json\/wp\/v2\/pages\/4593","targetHints":{"allow":["GET"]}}],"collection":[{"href":"https:\/\/vents.hu\/de\/wp-json\/wp\/v2\/pages"}],"about":[{"href":"https:\/\/vents.hu\/de\/wp-json\/wp\/v2\/types\/page"}],"author":[{"embeddable":true,"href":"https:\/\/vents.hu\/de\/wp-json\/wp\/v2\/users\/1"}],"replies":[{"embeddable":true,"href":"https:\/\/vents.hu\/de\/wp-json\/wp\/v2\/comments?post=4593"}],"version-history":[{"count":10,"href":"https:\/\/vents.hu\/de\/wp-json\/wp\/v2\/pages\/4593\/revisions"}],"predecessor-version":[{"id":4603,"href":"https:\/\/vents.hu\/de\/wp-json\/wp\/v2\/pages\/4593\/revisions\/4603"}],"wp:attachment":[{"href":"https:\/\/vents.hu\/de\/wp-json\/wp\/v2\/media?parent=4593"}],"curies":[{"name":"wp","href":"https:\/\/api.w.org\/{rel}","templated":true}]}}